{"id":2437,"date":"2023-10-18T10:13:52","date_gmt":"2023-10-18T10:13:52","guid":{"rendered":"https:\/\/vanexpo65.com\/?page_id=2437"},"modified":"2025-10-27T16:25:17","modified_gmt":"2025-10-27T16:25:17","slug":"kosgeb-yurtdisi-pazar-destekleri","status":"publish","type":"page","link":"https:\/\/vanexport.com.tr\/index.php\/kosgeb-yurtdisi-pazar-destekleri\/","title":{"rendered":"KOSGEB Yurt D\u0131\u015f\u0131 Pazar Destekleri"},"content":{"rendered":"<p>KOSGEB taraf1ndan Yurtd1_1 Pazar Destek Program1 kapsam1nda ihracat yapan ya da ihracat yapmak isteyen i_letmelere 300.000,-TL destek verilmektedir. Verilen Destek kapsam1nda ihracat haz1rl1\u001f1 i\ufffdin gerekli harcama kalemleri desteklenmektedir.<br \/>\nK\ufffd\ufffd\ufffdk ve orta \ufffdl\ufffdekli i_letmelerin uluslararas1 pazara a\ufffd1lmalar1na ve ihracat kapasitelerinin geli_tirilmesine katk1 sa\u001flanmas1 amac1 ile Yurtd1_1 Pazar Destek Program1 y\ufffdr\ufffdrl\ufffd\u001fe girdi ve ba_vurular al1nmaya ba_land1.<br \/>\nKOSGEB 0hracat Deste\u001fi<br \/>\nKOSGEB ihracat deste\u001fi; yurt d1_1 pazarlara a\ufffd1larak ihracat yapmak isteyen, e-ticarete ba_lamak veya e-ticaret projesini geli_tirmek isteyen KOB0\u0019lerimiz i\ufffdin temel giderleri kar_1lamaktad1r.<br \/>\nProje bazl1 bu destek program1n1n s\ufffdresi; en az 6 (alt1) ay en fazla 24 (yirmi d\ufffdrt) ay olarak belirlendi.<br \/>\nToplam destek miktar1 300.000 (\ufffd\ufffd y\ufffdz bin) TL.<br \/>\nDestek oran1, personel gideri hari\ufffd olmak \ufffdzere %70 (yetmi_) geri \ufffddemesiz, %30 (otuz) geri \ufffddemeli olarak uygulan1yor.<br \/>\n0_letmeler bu destekten sadece 1 (bir) kez faydalanabiliyorlar.<br \/>\nDesteklenecek proje giderleri ve \ufffdst limitleri tablosu a_a\u001f1da yer al1yor.<br \/>\nGider Ad1 Destek \ufffdst Limiti (TL)<br \/>\nPersonel Gideri 90.000<br \/>\nTe\ufffdhizat ve Donan1m Giderleri 50.000<br \/>\nYaz1l1m Giderleri 50.000<br \/>\nTan1t1m Giderleri 100.000<br \/>\nYurt D1_1 Fuar ve Seyahat Giderleri 150.000<br \/>\nTest Analiz ve Belgelendirme Giderleri 100.000<br \/>\nHizmet Al1m Giderleri 100.000<\/p>\n<p><a href=\"https:\/\/www.kosgeb.gov.tr\/site\/tr\/genel\/destekdetay\/7139\/yurt-disi-pazar-destek-programi\" target=\"_blank\" rel=\"noopener\">https:\/\/www.kosgeb.gov.tr\/site\/tr\/genel\/destekdetay\/7139\/yurt-disi-pazar-destek-programi<\/a><\/p>\n","protected":false},"excerpt":{"rendered":"<p>KOSGEB taraf1ndan Yurtd1_1 Pazar Destek Program1 kapsam1nda ihracat yapan ya da ihracat yapmak isteyen i_letmelere 300.000,-TL destek verilmektedir. Verilen Destek kapsam1nda ihracat haz1rl1\u001f1 i\ufffdin gerekli harcama kalemleri desteklenmektedir. K\ufffd\ufffd\ufffdk ve orta \ufffdl\ufffdekli i_letmelerin uluslararas1 pazara a\ufffd1lmalar1na ve ihracat kapasitelerinin geli_tirilmesine katk1 sa\u001flanmas1 amac1 ile Yurtd1_1 Pazar Destek Program1 y\ufffdr\ufffdrl\ufffd\u001fe girdi ve ba_vurular al1nmaya ba_land1. KOSGEB [&hellip;]<\/p>\n","protected":false},"author":1,"featured_media":0,"parent":0,"menu_order":0,"comment_status":"closed","ping_status":"closed","template":"","meta":{"_mi_skip_tracking":false,"_monsterinsights_sitenote_active":false,"_monsterinsights_sitenote_note":"","_monsterinsights_sitenote_category":0,"footnotes":""},"aioseo_notices":[],"_links":{"self":[{"href":"https:\/\/vanexport.com.tr\/index.php\/wp-json\/wp\/v2\/pages\/2437"}],"collection":[{"href":"https:\/\/vanexport.com.tr\/index.php\/wp-json\/wp\/v2\/pages"}],"about":[{"href":"https:\/\/vanexport.com.tr\/index.php\/wp-json\/wp\/v2\/types\/page"}],"author":[{"embeddable":true,"href":"https:\/\/vanexport.com.tr\/index.php\/wp-json\/wp\/v2\/users\/1"}],"replies":[{"embeddable":true,"href":"https:\/\/vanexport.com.tr\/index.php\/wp-json\/wp\/v2\/comments?post=2437"}],"version-history":[{"count":5,"href":"https:\/\/vanexport.com.tr\/index.php\/wp-json\/wp\/v2\/pages\/2437\/revisions"}],"predecessor-version":[{"id":3282,"href":"https:\/\/vanexport.com.tr\/index.php\/wp-json\/wp\/v2\/pages\/2437\/revisions\/3282"}],"wp:attachment":[{"href":"https:\/\/vanexport.com.tr\/index.php\/wp-json\/wp\/v2\/media?parent=2437"}],"curies":[{"name":"wp","href":"https:\/\/api.w.org\/{rel}","templated":true}]}}